{"id":1049,"date":"2020-07-12T14:47:50","date_gmt":"2020-07-12T12:47:50","guid":{"rendered":"https:\/\/ada-sub.rotefadenbuecher.de\/?page_id=1049"},"modified":"2020-07-12T14:47:50","modified_gmt":"2020-07-12T12:47:50","slug":"10292spund_pc","status":"publish","type":"page","link":"https:\/\/ada-sub.dh-index.org\/blog\/10292spund_pc\/","title":{"rendered":"10292spund_pc"},"content":{"rendered":"<h2>STEFANOWITSCH-07-13-20<\/h2>\n<h2>10287.SPUND\/PC.offen gebliebenes.<\/h2>\n<p>die frage wird wohl nicht noch im seminar gekl\u00e4rt werden k\u00f6nnen und ich bin dabei, daraus eine forschungsfrage zu basteln, die zu einer HA f\u00fchren k\u00f6nnte. da meine kapazit\u00e4ten sehr begrenzt sind, w\u00fcrde ich diese, sobald ich absch\u00e4tzen kann, wie ich das mit anderen arbeiten arrangieren kann und das dann noch m\u00f6glich sein sollte, anmelden. so lange werde ich hier versuchen, an der frage zu arbeiten. [update 10323: ich habe das <a href=\"https:\/\/userblogs.fu-berlin.de\/laxonchammes\/10323-sp-pc-ha\/\">hier<\/a> weiter verfolgt.]<\/p>\n<h3>frage 1. selbstbezeichnung<\/h3>\n<p>ich hatte dieses thema in der vergangenen woche in einer arbeitsgruppe des kurses ge\u00f6ffnet, dort wird aber wohl nicht mehr viel passieren nehme ich an, in den googlegruppen des kurses passiert ohnehin nichts, soweit ich sie richtig bediene. deshalb hier, als fallbeispiel, zu dem ich antworten, lekt\u00fcretips brauche:<\/p>\n<p>jemand bezeichnet sich in irgendeinem zusammenhang mit einem schimpfwort<sup><a id=\"ffn1\" class=\"footnote\" href=\"#fn1\">1<\/a><\/sup> und wird daf\u00fcr abgemahnt. er geh\u00f6rt nicht zur gruppe der personen, die \u00fcblicherweise mit diesem wort :beschimpft: werden, akzeptiert aber das tabu, diese \u00fcblicherweise damit bezeichnete gruppe damit zu bezeichnen sowie den referentiellen charakter des wortes, das bei verwendung den stereotyp konventionell impliziert\/referiert.<\/p>\n<ul>\n<li>kann von dem wort<sup><a id=\"ffn2\" class=\"footnote\" href=\"#fn2\">2<\/a><\/sup>, wenn es sich um ein schimpfwort und nicht um ein slur handelt<sup><a id=\"ffn3\" class=\"footnote\" href=\"#fn3\">3<\/a><\/sup>, ebenfalls eine konventionelle implikatur ausgehen mit der folge es auch losgel\u00f6st von der sprecherintention<sup><a id=\"ffn4\" class=\"footnote\" href=\"#fn4\">4<\/a><\/sup> bei bloszer verwendung als beleidigend zu empfinden, egal wer adressiert wird?<sup><a id=\"ffn5\" class=\"footnote\" href=\"#fn5\">5<\/a><\/sup><\/li>\n<li>wo (literatur) finde ich hinweise zur genauen differenzierung zwischen slurs und schimpfw\u00f6rtern \u2013 wenn das f\u00fcr o.a. fall einen unterschied machen w\u00fcrde? ich habe nicht alle bzw. nur wenige der texte intensiv lesen k\u00f6nnen, m\u00f6chte aber, falls sich in bezug zur frage etwas in der lekt\u00fcre finden liesze, dazu arbeiten; m\u00fcszte also wissen, mit was f\u00fcr einem :kaliber: von text ich es zu tun h\u00e4tte, um das beispiel aufzul\u00f6sen.<\/li>\n<\/ul>\n<h5>10293.slurs\/schimpfw\u00f6rter<\/h5>\n<p>ich habe mittlerweile die in sitzung 10 referierten texte zumindest einmal auf meine fragestellung hin gescannt; antworten werde ich weiter suchen m\u00fcssen. einen text :auf: eine fragestellung hin fokussiert zu lesen gelingt ja erst, nachdem diese \u00fcberhaupt klar ist. also nochmal von vorne&#8230;<\/p>\n<ol id=\"footnotes\">\n<li id=\"fn1\">ob es sich bei &lt;schlampe&gt; um ein slur im engeren sinne handelt, ist eine weiterf\u00fchrende frage <a href=\"#ffn1\">\u21a9\ufe0e<\/a><\/li>\n<li id=\"fn2\">dabei ist wahrscheinlich wichtig, ob es sich bei &lt;schlampe&gt; um ein schimpfwort oder ein slur handelt <a href=\"#ffn2\">\u21a9\ufe0e<\/a><\/li>\n<li id=\"fn3\">wobei auch in diesem fall die konventionelle implikatur soweit ich verstanden habe keine allgemein unumstrittene ansicht ist <a href=\"#ffn3\">\u21a9\ufe0e<\/a><\/li>\n<li id=\"fn4\">im rahmen der ansicht ein sprecher bediene bei benutzung die implikatur und stimme mit den konventionen \u00fcberein <a href=\"#ffn4\">\u21a9\ufe0e<\/a><\/li>\n<li id=\"fn5\">bitte korrigieren Sie mich wenn meine annahmen eh auf falschem grund ruhen bzw. die terminologie falsch eingesetzt ist <a href=\"#ffn5\">\u21a9\ufe0e<\/a><\/li>\n<\/ol>\n","protected":false},"excerpt":{"rendered":"<p>STEFANOWITSCH-07-13-20 10287.SPUND\/PC.offen gebliebenes. die frage wird wohl nicht noch im seminar gekl\u00e4rt werden k\u00f6nnen und ich bin dabei, daraus eine forschungsfrage zu basteln, die zu einer HA f\u00fchren k\u00f6nnte. da meine kapazit\u00e4ten sehr begrenzt sind, w\u00fcrde ich diese, sobald ich absch\u00e4tzen kann, wie ich das mit anderen arbeiten arrangieren kann und das dann noch m\u00f6glich &hellip; <a href=\"https:\/\/ada-sub.dh-index.org\/blog\/10292spund_pc\/\" class=\"more-link\">Continue reading<span class=\"screen-reader-text\"> &#8220;10292spund_pc&#8221;<\/span><\/a><\/p>\n","protected":false},"author":2,"featured_media":0,"parent":0,"menu_order":0,"comment_status":"closed","ping_status":"closed","template":"","meta":{"_acf_changed":false,"_lmt_disableupdate":"","_lmt_disable":"","footnotes":""},"class_list":["post-1049","page","type-page","status-publish","hentry"],"acf":[],"jetpack_sharing_enabled":true,"_links":{"self":[{"href":"https:\/\/ada-sub.dh-index.org\/blog\/wp-json\/wp\/v2\/pages\/1049","targetHints":{"allow":["GET"]}}],"collection":[{"href":"https:\/\/ada-sub.dh-index.org\/blog\/wp-json\/wp\/v2\/pages"}],"about":[{"href":"https:\/\/ada-sub.dh-index.org\/blog\/wp-json\/wp\/v2\/types\/page"}],"author":[{"embeddable":true,"href":"https:\/\/ada-sub.dh-index.org\/blog\/wp-json\/wp\/v2\/users\/2"}],"replies":[{"embeddable":true,"href":"https:\/\/ada-sub.dh-index.org\/blog\/wp-json\/wp\/v2\/comments?post=1049"}],"version-history":[{"count":0,"href":"https:\/\/ada-sub.dh-index.org\/blog\/wp-json\/wp\/v2\/pages\/1049\/revisions"}],"wp:attachment":[{"href":"https:\/\/ada-sub.dh-index.org\/blog\/wp-json\/wp\/v2\/media?parent=1049"}],"curies":[{"name":"wp","href":"https:\/\/api.w.org\/{rel}","templated":true}]}}