{"id":2270,"date":"2020-02-25T07:10:12","date_gmt":"2020-02-25T06:10:12","guid":{"rendered":"https:\/\/ada-sub.dh-index.org\/blog\/?page_id=2270"},"modified":"2024-11-03T07:15:52","modified_gmt":"2024-11-03T06:15:52","slug":"10085-ferring-kladde","status":"publish","type":"page","link":"https:\/\/ada-sub.dh-index.org\/blog\/10102-arkkiv-das-buch-daneben\/10085-ferring-kladde\/","title":{"rendered":"10085.ferring.kladde"},"content":{"rendered":"<h1>10085.mdl-2<\/h1>\n<h1>ferring stiftung: n.n<\/h1>\n<ol>\n<li>vorgangsweise bei der arbeit im archiv\n<ol>\n<li>suchen nach belegen f\u00fcr\n<ol>\n<li>stine andresen\n<ol>\n<li>was gibt es in marbach \u00fcber sie?<\/li>\n<li>6 belege<\/li>\n<\/ol>\n<\/li>\n<li>ein buch, briefe + und gedichte, weidler buchverlag<\/li>\n<li>hundert r\u00e4tsel an die jugend (kopie)<\/li>\n<li>2x schrattenthal hrsg, buchhandlung der amstalt bethel, bielefeld\n<ul>\n<li>des seemanns grusz an die heimat, letzte strophe:<\/li>\n<\/ul>\n<\/li>\n<\/ol>\n<\/li>\n<\/ol>\n<\/li>\n<\/ol>\n<p>&quot;die sprache weich und wunderbar \/ bewahre sie, du kleine schar;<\/p>\n<p>&quot;dir schl\u00e4gt mein herz in gl\u00fcck und not, mein friesenland, bis in den tod!&quot;<\/p>\n<p>WEIDLER Buchverlag Berlin GbR, Gesch\u00e4ftsf\u00fchrer: Joachim Weidler Postfach 21 03 15, D-10503 Berlin L\u00fcbecker Stra\u00dfe 8, D-10559 Berlin Telefon: +49-30\/394 86 68 Fax: +49-30\/394 86 98 e-mail: weidler_verlag@yahoo.de; 1985<\/p>\n<pre><code>- h\u00e4berlin...: studio alkersum, frisk funk sendung vom 19.2.\r\n\t- thema: sammlungen\r\n- frederik paulsen sen., stiftungsgr\u00fcnder 1988, ferring arzneimittel\r\n\t- jens j. eschels: lebensbeschreibungen eines alten seemannes &gt; vaterunser auf friesisch, (dort s. 341-342)\r\n- bike\r\n\t- erste erw\u00e4hnung\r\n\t- entwicklung\r\n- rundf\u00f6hr:\r\n\t- trinjam feer, 1920 von den ausw\u00e4rtigen sch\u00fclern des nordsee p\u00e4dagogiums begr\u00fcndet, wandern rund 37, 22km seedeich, westerland\/nieblum im uhrzeigersinn, die andern andersrum,\r\n- sp\u00e4tl\u00e4ndereien\r\n- thinghugs:<\/code><\/pre>\n<p>tjabelst\u00fcnj: mareike b\u00f6hmer, borgsum<\/p>\n<p>harald f. theiss kurator berlin, erhard stiftung<\/p>\n<ul>\n<li>meer, umweltpolitisch,<\/li>\n<\/ul>\n<h3>meta: allein die knoten&#8230;<\/h3>\n<h3>einstieg:<\/h3>\n<ol>\n<li>Sammlungen: was ist das?\n<ol>\n<li>leppers\/raulffs: direktor marbach!\n<ol>\n<li>meisner, heinrich otto\n<ol>\n<li>grunds\u00e4tzliches, archivalische zeitschrift<\/li>\n<li>zitat: 1952<\/li>\n<\/ol>\n<\/li>\n<li>von dort: <\/li>\n<\/ol>\n<\/li>\n<li>archivpflege: ebd. Archivpflege, Die, in den Kreisen und Gemeinden. Lehrgangsbericht und Hilfsbuch f\u00fcr die Archivpfleger in W\u00fcrttemberg und in Hohenzollern (Puchner) 49. 192 [38 <\/li>\n<li>schaab, meinhard<\/li>\n<\/ol>\n<\/li>\n<\/ol>\n<p>raulff: <a href=\"http:\/\/hup.sub.uni-hamburg.de\/purl\/HamburgUP_HUR24_Sammlungen\">hup.sub.uni-hamburg.de\/purl\/HamburgUP_HUR24_Sammlungen<\/a><\/p>\n<p>Die Dinge und ihre Verwandten. Zur Entwicklung von Sammlungen. Band 24 (Hamburger Universit\u00e4tsreden Neue Folge). Herausgeber\/in: Nicolaysen, Rainer. Autor\/in<\/p>\n<p>Nicolaysen, Rainer ; Br\u00fcning, Jochen ; Lenzen, Dieter ; Zare, Antje ; Raulff, Ulrich <\/p>\n<p>&#8212;&#8212;&#8211;&gt;<\/p>\n<p>Tagungsbericht: Objektkulturen der Universit\u00e4t. Heute und morgen Jahrestagung der Gesellschaft f\u00fcr Universit\u00e4tssammlungen, 21.07.2016 \u2013 23.07.2016 Hamburg, in: H-Soz-Kult, 21.10.2016, <a href=\"http:\/\/www.hsozkult.de\/conferencereport\/id\/tagungsberichte-6759\">&lt;www.hsozkult.de\/conferencereport\/id\/tagungsberichte-6759&gt;<\/a>.<\/p>\n<p>&#8212;&#8212;&#8212;&#8212;&#8212;&gt;<\/p>\n<p><a href=\"http:\/\/www.zeithistorische-forschungen.de\/1-2-2007\/id=4397\">https:\/\/zeithistorische-forschungen.de\/1-2-2007\/4397<\/a>, <\/p>\n<p>Burkhard Asmuss, \u201eChronistenpflicht\u201c und \u201eSammlergl\u00fcck\u201c. Die Sammlung \u201eZeitgeschichtliche Dokumente\u201c am Deutschen Historischen Museum, in: Zeithistorische Forschungen\/Studies in Contemporary History, Online-Ausgabe, 4 (2007), H. 1-2,<\/p>\n<p>URL: <a href=\"http:\/\/www.zeithistorische-forschungen.de\/1-2-2007\/id=4397\">https:\/\/zeithistorische-forschungen.de\/1-2-2007\/4397<\/a>,<\/p>\n<p>Druckausgabe: S. 177-188.<\/p>\n<p>archivgesetz: Die einzige im Bund und in allen L\u00e4ndern gleicherma\u00dfen geltende Archivnorm ist das auf v\u00f6lkerrechtlichen Konventionen fu\u00dfende Bundesgesetz zum Schutz deutschen Kulturguts von 1955. Das Informationsfreiheitsgesetz des Bundes von 2005 bezieht sich hingegen grunds\u00e4tzlich nicht auf <a href=\"javascript:;\">Archivgut<\/a>. (https:\/\/www.archivschule.de\/uploads\/Forschung\/ArchivwissenschaftlicheTerminologie\/Terminologie.html)<\/p>\n<blockquote>\n<p>Erste archivspezifische Normen kamen bereits um 1800 mit den franz\u00f6sischen Revolutionsgesetzen auf, mit dem Gr\u00fcndungsgesetz von 1794 (7. Messidor II) wurde B\u00fcrgern erstmals <a href=\"javascript:;\">Zugang<\/a> zu Archiven garantiert. Die nachfolgende S\u00e4kularisierung sowie Grenz- und Eigentumsver\u00e4nderungen als Folge des Wiener Kongresses lenkten den Fokus auf den Umgang mit <a href=\"javascript:;\">Archivgut<\/a>, insbesondere seine Behandlung, Erfassung und Auswertung. Doch erst das Aufkommen gesellschaftlich-politischer Diskussionen um informationelle Selbstbestimmung in den 1970er und 80er Jahren hat rechtliche L\u00fccken und fehlende gesetzliche Grundlagen von Datenschutz und Archivierung aufgezeigt und die Entwicklung der A. angesto\u00dfen.<\/p>\n<\/blockquote>\n<h1>10086.ferring script<\/h1>\n<ul>\n<li>quelle: brad c. roeloffs, von der seefahrt zur landwirtschaft, ein beitrag zur geschichte der insel f\u00f6hr, karl wachholtz verlag neum\u00fcnster, 2. aufl. 1985<\/li>\n<li>hamburger courant, courantthaler (nach 1927): 3\/48 schilling\/ 576 pfennig<\/li>\n<li>gangfersm\u00e4nner: 175ff: erhebung steuerschuld in den -40 gangfern-, steuerbezirke&#8230; durch die person (gangfersmann) mit dem h\u00f6chsten steuerlichen verm\u00f6gen, welches vorher durch 24 umm\u00e4rkungsm\u00e4nner (vern\u00fcnftigste, ehrlichste, bemittelste einwohner) bestimmt wurde, in 6 verschiedenen steuerkategorien: l\u00e4ndereien, h\u00e4user, vieh, bettgewand, messing, gold\/siber\/kupfer\/zinn\n<ul>\n<li>eid: eintreiben, mahnen, benennen der -restenten-<\/li>\n<\/ul>\n<\/li>\n<li>landaufteilung: lunapdialing\n<ul>\n<li>sp\u00e4tland: spadeland, speetlun (f\u00f6.), achtzehn-ruthen land (s. 144)\n<ul>\n<li>k\u00fcstenschutz, \u00a76 regulativ (11.08.1800, schlesw.holst. landcommision Das regulativ: zum zwecke des deichschutzes l\u00e4ngs desselben (binnendeichs) (gr\u00e4sungland\/meedeland) streifen von 18 ruthen (d\u00e4nische ruthe: 16fusz a 0,313m = 5,008m. 18 ruthen = rd. 90m<\/li>\n<\/ul>\n<\/li>\n<li>generell regulativ: aufteilung d. feldmark, abtrennung, arbeit f\u00fcr entw\u00e4sserung, (gemeinwohl)\n<ul>\n<li>solidar-haftung des verm\u00f6genden f\u00fcr den unverm\u00f6genden<\/li>\n<\/ul>\n<\/li>\n<\/ul>\n<\/li>\n<\/ul>\n<p>friesische studien, symposium I, <\/p>\n<p>Da s schiedsgerichtlich e Verfahre n (ode r kurz : Schiedsverfahren ) l\u00e4\u00df t sich , vo n kleinere n Abweichunge n abgesehen , wi e folg t skizziere n (vgl . Kraus e 1930:29-37) : Di e streitende n Parteie n schlie\u00dfe n ein e vertraglich e Abmachun g (Schiedsvertrag) , i n de r si e di e Entscheidun g de s Rechtsstreite s au f eine n durc h di e Parteie n selbs t gew\u00e4hlte n Schiedsman n bzw . mehrer e Schiedsleut e \u00fcbertragen , desse n bzw . dere n Spruc h si e sic h freiwilli g unterwerfen . (I m germanische n S\u00fchneverfahre n fehl t letztere s Element. ) Eine r de r Vorteil e de s Schiedsgerichte s gegen\u00fcbe r de m ordentliche n Gerich t besteh t i n de r Tatsache , da \u00df di e Schiedsleut e nich t a n di e strenge n Forme n de s \u00fcbliche n Gerichtsverfahren s gebunde n sind , sonder n ei n au f Billigkeitsgrunds\u00e4tze n aufbauende s Verfahre n anwende n k\u00f6nnen . Die s erkl\u00e4r t auch , weshal b Richte r h\u00e4ufi g daz u berei t sind , Rechtsstreitigkeiten , di e i n eine m ordentliche n Proze \u00df schwe r z u l\u00f6se n sind , au f Schiedsleut e z u \u00fcbertragen , di e j a \u00fcbe r vie l gr\u00f6\u00dfer e Bewegungsfreihei t verf\u00fcgen . Ei n Gerichtsverfahre n kan n als o i n ei n Schiedsverfahre n \u00fcbergehen . Allerding s k\u00f6nne n nich t nu r Rechtsstreitigkeite n zwische n Privatpersonen , sonder n auc h solch e zwische n F\u00fcrste n ode r St\u00e4dte n de m Spruc h vo n Schiedsleute n unterworfe n werde n (vgl . Ledeboe r 1986) . Au s de m Urkundenmaterial , da s au s de m westerlauwerssche n Frieslan d vorliegt , geh t hervor , da \u00df dor t i m sp\u00e4te n Mittelalte r da s Schiedsverfahre n i n h\u00f6chste r Bl\u00fct e gestande n habe n mu\u00df , soga r da s Gerichtsverfahre n sozusage n &#39;\u00fcberwuchert &#39; hat . Di e Gr\u00fcnd e f\u00fc r diese s Ph\u00e4nome n sin d klar : di e Schw\u00e4ch e de r Staatsgewal t i m Zeitalte r de r friesische n Freihei t un d die , zuma l i m 15 . Jahrhundert , fehlend e Autorit\u00e4 t de r richterlichen Beh\u00f6rde n (Gerbenzo n 1956:133-34) . Nac h de m Ausklan g de r friesische n Freihei t 1498 , al s di e Westfriese n sic h eine r starke n landesherrliche n Gewal t unterwerfe n m\u00fcssen , kan n dan n auc h ein e Tenden z zu r Zur\u00fcckdr\u00e4ngun g de s Schiedsverfahren s durc h ausdr\u00fccklich e F\u00f6rderun g de s ordentliche n Gerichtsverfahren s festgestell t werde n (Gerbenzo n 1959:154-55) . 3 0 <\/p>\n<h3>2593 jakob tholund:<\/h3>\n<ul>\n<li>friesischer literaturwettbewerb, 1990: &quot;f\u00f6l jil &#8211; letjet werk&quot;\n<ul>\n<li>skriw freesk, skriiw fering-\u00f6\u00f6mrang, schriw frasch, schriw fr\u00e4isch, schrwi freesk, skriuw freesk, skriuw halunder, skriiv s\u00f6lring<\/li>\n<li>institut uun Br\u00e4ist<\/li>\n<\/ul>\n<\/li>\n<li>betrachtungen<\/li>\n<li>aphorismen, frisk\/dt, &quot;kopfd\u00fcnger \/ged f\u00f6r&#39;t hood<\/li>\n<\/ul>\n<h3>607-610, aus dem nachlasz reinhardt arfsten<\/h3>\n<ul>\n<li>1897-1971, s\u00fcderende, lehrer<\/li>\n<\/ul>\n<p>&quot;die friesische sprache auf f\u00f6hr&quot;, reinhard arfsten<\/p>\n<ul>\n<li>90% der bewohner der 5 d\u00f6rfer des oldsumer dorfverbandes (?) sprechen friesisch, 93% beherrschen es; zahlen wie bei erhebung 1928<\/li>\n<li>1966: 9000 st\u00e4ndige bewohner f\u00f6hr benutzen 1400 die sprache im t\u00e4glichen umgang, (15%), +580 die die sprache k\u00f6nnen &gt; rd. 2.000 friesisch sprechende menschen, 21%, wyk, <strong>nieblum (0%!!!) <\/strong>ung\u00fcnstiger\n<ul>\n<li>warum spricht in nieblum kein friesisch?\n<ul>\n<li>1438 urkundl. erw\u00e4hnt, villa nebulum, nei-bohl-em, bei dem neuen (hilligen) bohl, bauernstelle bei st. johannis, backsteinbau 13.jh, reste einer vorg\u00e4ngerkirche<\/li>\n<li>niederdt. sprachinsel: 18.19.jh lieszen sich nach sturmfluten halligbewohner hier nieder<\/li>\n<li>geh\u00f6rte zu westerlandf\u00f6hr &gt; boowentaarpen, oberd\u00f6rfer, friesische mundart boowentaareps, justiz d\u00e4nisches recht bis 1864, kirchspiel osterlandf\u00f6hr, aufsicht amtmann tondern, grenze mitten in nieblum<\/li>\n<li>niederdeutsch\/plattdt.: zweite hochdeutsche lautverschiebung p\/t\/k &gt; pf\/f, z\/s, ch: slapen, peerd, water&#8230;<\/li>\n<li>plattdt. sprachinsel\n<ul>\n<li>iar a h\u00fcnj komt, as a haas tu hool: bevor der hund kommt, ist der hase im loch<\/li>\n<\/ul>\n<\/li>\n<li>fering \/\u00f6\u00f6mrang: hauptdialekte d. nordfriesischen, seit ca. 1300j\n<ul>\n<li>kein q, v, x, y, z, \u00df: gem\u00e4szigte kleinschreibung: <strong>nur eigennamen und satzanf\u00e4nge grosz! &gt; 1971 alkersumer protokoll, paulsen, 1971, sg. 2556<\/strong>\n<ul>\n<li>keine eintr\u00e4ge dazu&#8230;, aber in: nordfriesisches jahrbuch, neue folge 10, (1974) s. 171-188, nils arhammar (sonderdruck c1.5.1 arh in der bibliothek nicht vorhanden&#8230;)<\/li>\n<li>zum lexikalischen aufbau des nordfriesischen, arhammar in: deutscher wortschatz, lexikologische studien, zum 80. geburtstag ludwig erich schmidt&#8230;\n<ul>\n<li>einheitsrechtschreibung: otto brehmer, vorschlag ende 19jh.: otto bremer, ferreng an \u00f6mreng allemsnack f\u00f6r&#39;t juar 1893, \u00fctjdenn fan dr. otto bremer an neggels jirrin, halle 1893, s36-39 &gt; weiterentwickelt 1920 l.c.peters, oevenum<\/li>\n<\/ul>\n<\/li>\n<\/ul>\n<\/li>\n<\/ul>\n<\/li>\n<\/ul>\n<\/li>\n<\/ul>\n<\/li>\n<li>(609) &quot;f\u00f6hringer schrifttum&quot;\n<ul>\n<li>\u00e4lteste bekannte schriftzeugnis: &quot;a bai, a redher&quot; von r\u00f6rd jappen aus wrixum, 15.jh, dazu: dr. willy krogmann &quot;altfriesische balladen&quot; 1953<\/li>\n<li>carl h\u00e4berlin: schwabe, geb. 1870, 1902 als junger arzt nach f\u00f6hr, fortf\u00fchrung des erbes von: hans philippsen, 1926 gestorben<\/li>\n<\/ul>\n<\/li>\n<li>burkhard frantzen: foehr-digital.de, foto archiv, nee 2001&#8230;<\/li>\n<li>reinhard arfsten, fering wurdenbuk, 1965<\/li>\n<\/ul>\n<p>museum: <\/p>\n<ul>\n<li>46.000 besucher<\/li>\n<li>moderne: komplette ausstellung aus berlin \u00fcbernommen\n<ul>\n<li>theiss<\/li>\n<li>26 internationale k\u00fcnstler<\/li>\n<\/ul>\n<\/li>\n<li>konflikt: grunds\u00e4tze kunst\/wissensvermittlung: schwelle f\u00fcr mich zu hoch, am prozess f\u00fcr mich sinnvoll teilzunehmen<\/li>\n<li>christiane&#8230;, marlene r\u00fcckert<\/li>\n<\/ul>\n","protected":false},"excerpt":{"rendered":"<p>10085.mdl-2 ferring stiftung: n.n vorgangsweise bei der arbeit im archiv suchen nach belegen f\u00fcr stine andresen was gibt es in marbach \u00fcber sie? 6 belege ein buch, briefe + und gedichte, weidler buchverlag hundert r\u00e4tsel an die jugend (kopie) 2x schrattenthal hrsg, buchhandlung der amstalt bethel, bielefeld des seemanns grusz an die heimat, letzte strophe: &hellip; <a href=\"https:\/\/ada-sub.dh-index.org\/blog\/10102-arkkiv-das-buch-daneben\/10085-ferring-kladde\/\" class=\"more-link\">Continue reading<span class=\"screen-reader-text\"> &#8220;10085.ferring.kladde&#8221;<\/span><\/a><\/p>\n","protected":false},"author":1,"featured_media":0,"parent":826,"menu_order":0,"comment_status":"closed","ping_status":"closed","template":"","meta":{"_acf_changed":false,"_lmt_disableupdate":"","_lmt_disable":"","footnotes":""},"class_list":["post-2270","page","type-page","status-publish","hentry"],"acf":[],"jetpack_sharing_enabled":true,"_links":{"self":[{"href":"https:\/\/ada-sub.dh-index.org\/blog\/wp-json\/wp\/v2\/pages\/2270","targetHints":{"allow":["GET"]}}],"collection":[{"href":"https:\/\/ada-sub.dh-index.org\/blog\/wp-json\/wp\/v2\/pages"}],"about":[{"href":"https:\/\/ada-sub.dh-index.org\/blog\/wp-json\/wp\/v2\/types\/page"}],"author":[{"embeddable":true,"href":"https:\/\/ada-sub.dh-index.org\/blog\/wp-json\/wp\/v2\/users\/1"}],"replies":[{"embeddable":true,"href":"https:\/\/ada-sub.dh-index.org\/blog\/wp-json\/wp\/v2\/comments?post=2270"}],"version-history":[{"count":1,"href":"https:\/\/ada-sub.dh-index.org\/blog\/wp-json\/wp\/v2\/pages\/2270\/revisions"}],"predecessor-version":[{"id":2271,"href":"https:\/\/ada-sub.dh-index.org\/blog\/wp-json\/wp\/v2\/pages\/2270\/revisions\/2271"}],"up":[{"embeddable":true,"href":"https:\/\/ada-sub.dh-index.org\/blog\/wp-json\/wp\/v2\/pages\/826"}],"wp:attachment":[{"href":"https:\/\/ada-sub.dh-index.org\/blog\/wp-json\/wp\/v2\/media?parent=2270"}],"curies":[{"name":"wp","href":"https:\/\/api.w.org\/{rel}","templated":true}]}}