{"id":391,"date":"2019-06-30T20:13:25","date_gmt":"2019-06-30T18:13:25","guid":{"rendered":"https:\/\/ada-sub.rotefadenbuecher.de\/?page_id=391"},"modified":"2019-06-30T20:13:25","modified_gmt":"2019-06-30T18:13:25","slug":"flea-circus","status":"publish","type":"page","link":"https:\/\/ada-sub.dh-index.org\/blog\/flea-circus\/","title":{"rendered":"flohzirkus"},"content":{"rendered":"<h4>marginalia&nbsp;trampelpfade kookvariablen&#8230;<\/h4>\n<ul>\n<li>georg le\u00df; die hohlhandmusikalit\u00e4t.\n<ul>\n<li><a href=\"https:\/\/skuul.rotefadenbuecher.de\/index.php?title=Variablen\/kookvariablen\" target=\"_blank\" rel=\"noopener\">fusznoten<\/a>: ca se grandir pour catalogue vocabulaire kook udgl.<\/li>\n<li><a href=\"https:\/\/ada-sub.dh-index.org\/blog\/hohlhandmusikalitaet\">brief<\/a>, offen, an den autor<\/li>\n<\/ul>\n<\/li>\n<li>katharina mevissen; ich kann dich h\u00f6ren. <a href=\"https:\/\/ada-sub.dh-index.org\/blog\/ich-kann-dich-hoeren\">marginalien<\/a>. tusen tack m., ptmsn.<\/li>\n<li>teresa pr\u00e4auer; tier werden. weil ich das nie so gut formuliert h\u00e4tte, eine besprechung vom&nbsp;<a href=\"http:\/\/derhotlistblog.net\/2019\/03\/14\/teresa-praeauer-tier-werden-wallstein-verlag\">hotlistblog<\/a>. (ext. link: hotlistblog)<\/li>\n<li>nora wagener; menschenliebe und vogel, schrei. eine <a href=\"https:\/\/ada-sub.dh-index.org\/blog\/08471-backspin-nora-wagener\">w\u00fcrdigung<\/a><\/li>\n<li>sophie passmann; alte weisze m\u00e4nner. <a href=\"https:\/\/ada-sub.dh-index.org\/blog\/09205-tschuldigung-ich-versteh-dich-auf-dem-friedhof-mit-sophie-passmann\">k\u00f6nnen wir uns darauf einigen?<\/a><\/li>\n<li>debths:\n<ul>\n<li>v. brocke<\/li>\n<li>fr. stein<\/li>\n<li>fr. kiel<\/li>\n<li>verzeichnis einiger verluste<\/li>\n<li>marius<\/li>\n<\/ul>\n<\/li>\n<\/ul>\n<h4>und: <a href=\"https:\/\/drauszenpost.rotefadenbuecher.de\">drauszenpost<\/a>&#8230;, \u00e4ltere, neuere&#8230;, aus der welt des zirkus.<\/h4>\n","protected":false},"excerpt":{"rendered":"<p>marginalia&nbsp;trampelpfade kookvariablen&#8230; georg le\u00df; die hohlhandmusikalit\u00e4t. fusznoten: ca se grandir pour catalogue vocabulaire kook udgl. brief, offen, an den autor katharina mevissen; ich kann dich h\u00f6ren. marginalien. tusen tack m., ptmsn. teresa pr\u00e4auer; tier werden. weil ich das nie so gut formuliert h\u00e4tte, eine besprechung vom&nbsp;hotlistblog. (ext. link: hotlistblog) nora wagener; menschenliebe und vogel, schrei. &hellip; <a href=\"https:\/\/ada-sub.dh-index.org\/blog\/flea-circus\/\" class=\"more-link\">Continue reading<span class=\"screen-reader-text\"> &#8220;flohzirkus&#8221;<\/span><\/a><\/p>\n","protected":false},"author":2,"featured_media":0,"parent":0,"menu_order":0,"comment_status":"closed","ping_status":"closed","template":"","meta":{"_acf_changed":false,"_lmt_disableupdate":"","_lmt_disable":"","footnotes":""},"class_list":["post-391","page","type-page","status-publish","hentry"],"acf":[],"jetpack_sharing_enabled":true,"_links":{"self":[{"href":"https:\/\/ada-sub.dh-index.org\/blog\/wp-json\/wp\/v2\/pages\/391","targetHints":{"allow":["GET"]}}],"collection":[{"href":"https:\/\/ada-sub.dh-index.org\/blog\/wp-json\/wp\/v2\/pages"}],"about":[{"href":"https:\/\/ada-sub.dh-index.org\/blog\/wp-json\/wp\/v2\/types\/page"}],"author":[{"embeddable":true,"href":"https:\/\/ada-sub.dh-index.org\/blog\/wp-json\/wp\/v2\/users\/2"}],"replies":[{"embeddable":true,"href":"https:\/\/ada-sub.dh-index.org\/blog\/wp-json\/wp\/v2\/comments?post=391"}],"version-history":[{"count":0,"href":"https:\/\/ada-sub.dh-index.org\/blog\/wp-json\/wp\/v2\/pages\/391\/revisions"}],"wp:attachment":[{"href":"https:\/\/ada-sub.dh-index.org\/blog\/wp-json\/wp\/v2\/media?parent=391"}],"curies":[{"name":"wp","href":"https:\/\/api.w.org\/{rel}","templated":true}]}}