{"id":447,"date":"2019-07-17T05:43:32","date_gmt":"2019-07-17T03:43:32","guid":{"rendered":"https:\/\/ada-sub.rotefadenbuecher.de\/?page_id=447"},"modified":"2019-07-17T05:43:32","modified_gmt":"2019-07-17T03:43:32","slug":"polylangue","status":"publish","type":"page","link":"https:\/\/ada-sub.dh-index.org\/blog\/polylangue\/","title":{"rendered":"polylangue"},"content":{"rendered":"<h4>dictionaire associatif d&#8217;usage du mot en progress. caput allemande.<\/h4>\n<p>META: und wie soll ich das bauen? (<a href=\"http:\/\/www.herbert-ernst-wiegand.de\/index_publikationen_01.htm\" target=\"_blank\" rel=\"noopener noreferrer\">ici<\/a>)<\/p>\n<ul>\n<li>\u00a0angeber\n<ul>\n<li>angeben<\/li>\n<li>angeben<\/li>\n<\/ul>\n<\/li>\n<li>auch<\/li>\n<li>aula<\/li>\n<li>aule\n<ul>\n<li>aulen<\/li>\n<\/ul>\n<\/li>\n<li>doch<\/li>\n<li>dies\n<ul>\n<li>dieses\n<ul>\n<li>dieses auto<\/li>\n<li>dieses jahr\n<ul>\n<li>dieser tage<\/li>\n<\/ul>\n<\/li>\n<\/ul>\n<\/li>\n<\/ul>\n<\/li>\n<li>diesig<\/li>\n<li>dusselig\n<ul>\n<li>dusselich<\/li>\n<\/ul>\n<\/li>\n<li>kann<\/li>\n<li>k\u00f6nnen<\/li>\n<li>kunst<\/li>\n<li>k\u00fcnstlich\n<ul>\n<li>k\u00fcnstlig\n<ul>\n<li>k\u00fchn<\/li>\n<\/ul>\n<\/li>\n<\/ul>\n<\/li>\n<li>k\u00f6nig\n<ul>\n<li>k\u00f6nich<\/li>\n<li>k\u00f6niglich<\/li>\n<\/ul>\n<\/li>\n<li>noch\n<ul>\n<li>nur noch<\/li>\n<\/ul>\n<\/li>\n<li>nur<\/li>\n<li>premiere<\/li>\n<li>primaere<\/li>\n<li>satz\n<ul>\n<li>satzbau<\/li>\n<\/ul>\n<\/li>\n<li>spacko<\/li>\n<li>spast<\/li>\n<li>spaten<\/li>\n<li>spettat<\/li>\n<li>speien\n<ul>\n<li>speier<\/li>\n<li>speyer\n<ul>\n<li>dom<\/li>\n<\/ul>\n<\/li>\n<\/ul>\n<\/li>\n<li><\/li>\n<li>sprache\n<ul>\n<li>sprechen\n<ul>\n<li>gespr\u00e4ch<\/li>\n<li>gesprochenes<\/li>\n<\/ul>\n<\/li>\n<\/ul>\n<\/li>\n<li>spucke<\/li>\n<li>wort\n<ul>\n<li>worte<\/li>\n<li>w\u00f6rter<\/li>\n<\/ul>\n<\/li>\n<\/ul>\n","protected":false},"excerpt":{"rendered":"<p>dictionaire associatif d&#8217;usage du mot en progress. caput allemande. META: und wie soll ich das bauen? (ici) \u00a0angeber angeben angeben auch aula aule aulen doch dies dieses dieses auto dieses jahr dieser tage diesig dusselig dusselich kann k\u00f6nnen kunst k\u00fcnstlich k\u00fcnstlig k\u00fchn k\u00f6nig k\u00f6nich k\u00f6niglich noch nur noch nur premiere primaere satz satzbau spacko spast &hellip; <a href=\"https:\/\/ada-sub.dh-index.org\/blog\/polylangue\/\" class=\"more-link\">Continue reading<span class=\"screen-reader-text\"> &#8220;polylangue&#8221;<\/span><\/a><\/p>\n","protected":false},"author":3,"featured_media":0,"parent":0,"menu_order":0,"comment_status":"closed","ping_status":"closed","template":"","meta":{"_acf_changed":false,"_lmt_disableupdate":"","_lmt_disable":"","footnotes":""},"class_list":["post-447","page","type-page","status-publish","hentry"],"acf":[],"jetpack_sharing_enabled":true,"_links":{"self":[{"href":"https:\/\/ada-sub.dh-index.org\/blog\/wp-json\/wp\/v2\/pages\/447","targetHints":{"allow":["GET"]}}],"collection":[{"href":"https:\/\/ada-sub.dh-index.org\/blog\/wp-json\/wp\/v2\/pages"}],"about":[{"href":"https:\/\/ada-sub.dh-index.org\/blog\/wp-json\/wp\/v2\/types\/page"}],"author":[{"embeddable":true,"href":"https:\/\/ada-sub.dh-index.org\/blog\/wp-json\/wp\/v2\/users\/3"}],"replies":[{"embeddable":true,"href":"https:\/\/ada-sub.dh-index.org\/blog\/wp-json\/wp\/v2\/comments?post=447"}],"version-history":[{"count":0,"href":"https:\/\/ada-sub.dh-index.org\/blog\/wp-json\/wp\/v2\/pages\/447\/revisions"}],"wp:attachment":[{"href":"https:\/\/ada-sub.dh-index.org\/blog\/wp-json\/wp\/v2\/media?parent=447"}],"curies":[{"name":"wp","href":"https:\/\/api.w.org\/{rel}","templated":true}]}}