{"id":826,"date":"2020-03-01T10:54:33","date_gmt":"2020-03-01T09:54:33","guid":{"rendered":"https:\/\/ada-sub.rotefadenbuecher.de\/?page_id=826"},"modified":"2024-11-03T07:18:00","modified_gmt":"2024-11-03T06:18:00","slug":"10102-arkkiv-das-buch-daneben","status":"publish","type":"page","link":"https:\/\/ada-sub.dh-index.org\/blog\/10102-arkkiv-das-buch-daneben\/","title":{"rendered":"10102.arkkiv: das buch daneben"},"content":{"rendered":"<h3>wie ich einmal mehr fand, als ich gesucht hatte. Versuch \u00fcber :Den Zufall:<\/h3>\n<p>Ich bin mir schon klar dar\u00fcber, dasz dies eine l\u00e4ngere Geschichte werden wird. Aber irgendwo w\u00e4re anzufangen, wenn es g\u00e4lte, den :Zufall: zu begreifen.<\/p>\n<ul>\n<li>und&#8230;, guhl&#8230;; wo steckens grad?<\/li>\n<li>friesische studien.<\/li>\n<li>Sie mein das ernst, oder?<\/li>\n<li>ich mein das ernst. ich weisz&#8230;, ich sollte<\/li>\n<\/ul>\n<p>Zuerst w\u00e4ren nat\u00fcrlich bei einer solchen Arbeit so k\u00fchn sie auch daherkommt, wissenschaftliche Standards einzuhalten. Also<\/p>\n<ul>\n<li>habens die groszbuchstaben f\u00fcr sich entdeckt? fein&#8230;, dann k\u00f6nn wir ja endlich auch mal was ver\u00f6ffentlichen von dem quatsch, dens da&#8230;<\/li>\n<\/ul>\n<p>Ich fang mal vorne an:<\/p>\n<h4>Der Weg: vom Katalog auf den Tisch.<\/h4>\n<ol>\n<li>Knotenpunkte<\/li>\n<\/ol>\n<p>Ein wesentliches Merkmal der (<a href=\"https:\/\/ferring-stiftung.de\/inselarchive\/archiv\/\">Sammlungen<\/a>), die mir, nachdem ich \u2013 m\u00e4szig vorbereitet \u2013 dem Archivar vier Fundorte\/Sigel hatte nennen k\u00f6nnen, die mich interessierten, auf den Arbeitstisch der Bibliothek gelegt wurden,<\/p>\n<p><img loading=\"lazy\" decoding=\"async\" class=\"aligncenter wp-image-1600 size-large\" src=\"https:\/\/ada-sub.rotefadenbuecher.de\/wp-content\/uploads\/wpexpo20fku-1024x768.jpeg\" alt=\"ferring\" width=\"840\" height=\"630\" srcset=\"https:\/\/ada-sub.dh-index.org\/blog\/wp-content\/uploads\/wpexpo20fku-1024x768.jpeg 1024w, https:\/\/ada-sub.dh-index.org\/blog\/wp-content\/uploads\/wpexpo20fku-300x225.jpeg 300w, https:\/\/ada-sub.dh-index.org\/blog\/wp-content\/uploads\/wpexpo20fku-768x576.jpeg 768w, https:\/\/ada-sub.dh-index.org\/blog\/wp-content\/uploads\/wpexpo20fku-1200x900.jpeg 1200w, https:\/\/ada-sub.dh-index.org\/blog\/wp-content\/uploads\/wpexpo20fku.jpeg 1280w\" sizes=\"auto, (max-width: 709px) 85vw, (max-width: 909px) 67vw, (max-width: 1362px) 62vw, 840px\" \/><\/p>\n<p><img loading=\"lazy\" decoding=\"async\" class=\"alignnone size-full wp-image-828\" src=\"https:\/\/ada-sub.rotefadenbuecher.de\/wp-content\/uploads\/2020\/03\/wpexpo20-5-1.jpeg\" alt=\"OLYMPUS DIGITAL CAMERA\" width=\"1280\" height=\"960\" srcset=\"https:\/\/ada-sub.dh-index.org\/blog\/wp-content\/uploads\/wpexpo20-5-1.jpeg 1280w, https:\/\/ada-sub.dh-index.org\/blog\/wp-content\/uploads\/wpexpo20-5-1-300x225.jpeg 300w, https:\/\/ada-sub.dh-index.org\/blog\/wp-content\/uploads\/wpexpo20-5-1-1024x768.jpeg 1024w, https:\/\/ada-sub.dh-index.org\/blog\/wp-content\/uploads\/wpexpo20-5-1-768x576.jpeg 768w, https:\/\/ada-sub.dh-index.org\/blog\/wp-content\/uploads\/wpexpo20-5-1-1200x900.jpeg 1200w\" sizes=\"auto, (max-width: 709px) 85vw, (max-width: 909px) 67vw, (max-width: 1362px) 62vw, 840px\" \/><\/p>\n<p>war der die Ordner versiegelnde Knoten. Es ist mir nur mit M\u00fche m\u00f6glich gewesen, ihn nachzubauen (aus Interesse), man wurde darum gebeten, die Ordner, nachdem man darin gearbeitet hatte, offen zur\u00fcckzulassen.<\/p>\n<p>Das \u00d6ffnen eines Schreins, in dem Reliquien verwahrt werden, stelle ich mir \u00e4hnlich vor.<img loading=\"lazy\" decoding=\"async\" class=\"alignnone size-full wp-image-829\" src=\"https:\/\/ada-sub.rotefadenbuecher.de\/wp-content\/uploads\/2020\/03\/wpexpo20-4-1.jpeg\" alt=\"OLYMPUS DIGITAL CAMERA\" width=\"960\" height=\"1280\" srcset=\"https:\/\/ada-sub.dh-index.org\/blog\/wp-content\/uploads\/wpexpo20-4-1.jpeg 960w, https:\/\/ada-sub.dh-index.org\/blog\/wp-content\/uploads\/wpexpo20-4-1-225x300.jpeg 225w, https:\/\/ada-sub.dh-index.org\/blog\/wp-content\/uploads\/wpexpo20-4-1-768x1024.jpeg 768w\" sizes=\"auto, (max-width: 709px) 85vw, (max-width: 909px) 67vw, (max-width: 1362px) 62vw, 840px\" \/><\/p>\n<p>Was habe ich also gefunden? Nu. Da ich sehr leise spreche, biszchen nuschel vielleicht, oder weil eben an dieser Stelle der Zufall ins Spiel kommt, habe ich -2693- statt -2603- vor mir und bin also gespannt.<img loading=\"lazy\" decoding=\"async\" class=\"alignnone size-full wp-image-830\" src=\"https:\/\/ada-sub.rotefadenbuecher.de\/wp-content\/uploads\/2020\/03\/wpexpo20-1-4.jpeg\" alt=\"wpexpo20 - 1 (4)\" width=\"957\" height=\"1280\" srcset=\"https:\/\/ada-sub.dh-index.org\/blog\/wp-content\/uploads\/wpexpo20-1-4.jpeg 957w, https:\/\/ada-sub.dh-index.org\/blog\/wp-content\/uploads\/wpexpo20-1-4-224x300.jpeg 224w, https:\/\/ada-sub.dh-index.org\/blog\/wp-content\/uploads\/wpexpo20-1-4-766x1024.jpeg 766w, https:\/\/ada-sub.dh-index.org\/blog\/wp-content\/uploads\/wpexpo20-1-4-768x1027.jpeg 768w\" sizes=\"auto, (max-width: 709px) 85vw, (max-width: 909px) 67vw, (max-width: 1362px) 62vw, 840px\" \/><\/p>\n<p><img loading=\"lazy\" decoding=\"async\" class=\"alignnone size-full wp-image-832\" src=\"https:\/\/ada-sub.rotefadenbuecher.de\/wp-content\/uploads\/2020\/03\/Bildschirmfoto-2020-03-01-um-10.12.26.png\" alt=\"Bildschirmfoto 2020-03-01 um 10.12.26\" width=\"1262\" height=\"684\" srcset=\"https:\/\/ada-sub.dh-index.org\/blog\/wp-content\/uploads\/Bildschirmfoto-2020-03-01-um-10.12.26.png 1262w, https:\/\/ada-sub.dh-index.org\/blog\/wp-content\/uploads\/Bildschirmfoto-2020-03-01-um-10.12.26-300x163.png 300w, https:\/\/ada-sub.dh-index.org\/blog\/wp-content\/uploads\/Bildschirmfoto-2020-03-01-um-10.12.26-1024x555.png 1024w, https:\/\/ada-sub.dh-index.org\/blog\/wp-content\/uploads\/Bildschirmfoto-2020-03-01-um-10.12.26-768x416.png 768w, https:\/\/ada-sub.dh-index.org\/blog\/wp-content\/uploads\/Bildschirmfoto-2020-03-01-um-10.12.26-1200x650.png 1200w\" sizes=\"auto, (max-width: 709px) 85vw, (max-width: 909px) 67vw, (max-width: 1362px) 62vw, 840px\" \/><\/p>\n<p>Ich finde Texte zur Bewegung des Friesischen heute. Und Metainformation: Jakob Tholund musz vor kurzem gestorben sein \u2013 die letzten Eintr\u00e4ge im Nachlasz datieren auf 2014 und im Findbuch, das mir noch vorlag (aktualisiert im Januar 2019) erscheint dieser noch nicht, im aktuellen (Stand 01\/2020) jedoch schon \u2013 ein Sterbedatum ist nicht genannt.<\/p>\n<p>Von diesem Zufallsfund gelange ich weiter. Suche in meinem Findbuch nach Eintr\u00e4gen \u00fcber Tholund (der da ja noch lebt&#8230;, oder dessen Nachlasz jdfs. noch nicht archiviert ist.) Ein\u00a0<em>item<\/em> ist die Ausschreibung eines friesischen Literaturwettbewerbs. Auch hier also: sediment. Ich nehme mir das Buch von Stine Andresen vor.<\/p>\n<p><img loading=\"lazy\" decoding=\"async\" class=\"alignnone size-full wp-image-833\" src=\"https:\/\/ada-sub.rotefadenbuecher.de\/wp-content\/uploads\/2020\/03\/wpexpo20-3-1.jpeg\" alt=\"OLYMPUS DIGITAL CAMERA\" width=\"960\" height=\"1280\" srcset=\"https:\/\/ada-sub.dh-index.org\/blog\/wp-content\/uploads\/wpexpo20-3-1.jpeg 960w, https:\/\/ada-sub.dh-index.org\/blog\/wp-content\/uploads\/wpexpo20-3-1-225x300.jpeg 225w, https:\/\/ada-sub.dh-index.org\/blog\/wp-content\/uploads\/wpexpo20-3-1-768x1024.jpeg 768w\" sizes=\"auto, (max-width: 709px) 85vw, (max-width: 909px) 67vw, (max-width: 1362px) 62vw, 840px\" \/><\/p>\n<p>Nach diesem hatte ich gefragt, es liegt also hier nicht zuf\u00e4llig. Meine weiter ausgreifenden (Forschungen) hatten mich fragen lassen, was z.B. in Marbach \u00fcber sie vorhanden ist.<\/p>\n<p><img loading=\"lazy\" decoding=\"async\" class=\"alignnone size-full wp-image-834\" src=\"https:\/\/ada-sub.rotefadenbuecher.de\/wp-content\/uploads\/2020\/03\/AVLArc10102_andresen_marbach.png\" alt=\"AVLArc10102_andresen_marbach\" width=\"1038\" height=\"792\" srcset=\"https:\/\/ada-sub.dh-index.org\/blog\/wp-content\/uploads\/AVLArc10102_andresen_marbach.png 1038w, https:\/\/ada-sub.dh-index.org\/blog\/wp-content\/uploads\/AVLArc10102_andresen_marbach-300x229.png 300w, https:\/\/ada-sub.dh-index.org\/blog\/wp-content\/uploads\/AVLArc10102_andresen_marbach-1024x781.png 1024w, https:\/\/ada-sub.dh-index.org\/blog\/wp-content\/uploads\/AVLArc10102_andresen_marbach-768x586.png 768w\" sizes=\"auto, (max-width: 709px) 85vw, (max-width: 909px) 67vw, (max-width: 1362px) 62vw, 840px\" \/><\/p>\n<p>Stine ist also nicht :sediment:, wer in Marbach erscheint, ist s.o. :Literarischer Autor im Sinne der Bibliothek.:<\/p>\n<hr \/>\n<h4>10105.weiter im text.<\/h4>\n<p><span style=\"text-decoration: underline;\">Die Bibliothek:<\/span><\/p>\n<p><img loading=\"lazy\" decoding=\"async\" class=\"alignnone size-full wp-image-838\" src=\"https:\/\/ada-sub.rotefadenbuecher.de\/wp-content\/uploads\/2020\/03\/wpexpo20-3-2.jpeg\" alt=\"OLYMPUS DIGITAL CAMERA\" width=\"960\" height=\"1280\" srcset=\"https:\/\/ada-sub.dh-index.org\/blog\/wp-content\/uploads\/wpexpo20-3-2.jpeg 960w, https:\/\/ada-sub.dh-index.org\/blog\/wp-content\/uploads\/wpexpo20-3-2-225x300.jpeg 225w, https:\/\/ada-sub.dh-index.org\/blog\/wp-content\/uploads\/wpexpo20-3-2-768x1024.jpeg 768w\" sizes=\"auto, (max-width: 709px) 85vw, (max-width: 909px) 67vw, (max-width: 1362px) 62vw, 840px\" \/><img loading=\"lazy\" decoding=\"async\" class=\"alignnone size-full wp-image-839\" src=\"https:\/\/ada-sub.rotefadenbuecher.de\/wp-content\/uploads\/2020\/03\/wpexpo20-2-2.jpeg\" alt=\"OLYMPUS DIGITAL CAMERA\" width=\"960\" height=\"1280\" srcset=\"https:\/\/ada-sub.dh-index.org\/blog\/wp-content\/uploads\/wpexpo20-2-2.jpeg 960w, https:\/\/ada-sub.dh-index.org\/blog\/wp-content\/uploads\/wpexpo20-2-2-225x300.jpeg 225w, https:\/\/ada-sub.dh-index.org\/blog\/wp-content\/uploads\/wpexpo20-2-2-768x1024.jpeg 768w\" sizes=\"auto, (max-width: 709px) 85vw, (max-width: 909px) 67vw, (max-width: 1362px) 62vw, 840px\" \/><img loading=\"lazy\" decoding=\"async\" class=\"alignnone size-full wp-image-840\" src=\"https:\/\/ada-sub.rotefadenbuecher.de\/wp-content\/uploads\/2020\/03\/wpexpo20-1-5.jpeg\" alt=\"OLYMPUS DIGITAL CAMERA\" width=\"960\" height=\"1280\" srcset=\"https:\/\/ada-sub.dh-index.org\/blog\/wp-content\/uploads\/wpexpo20-1-5.jpeg 960w, https:\/\/ada-sub.dh-index.org\/blog\/wp-content\/uploads\/wpexpo20-1-5-225x300.jpeg 225w, https:\/\/ada-sub.dh-index.org\/blog\/wp-content\/uploads\/wpexpo20-1-5-768x1024.jpeg 768w\" sizes=\"auto, (max-width: 709px) 85vw, (max-width: 909px) 67vw, (max-width: 1362px) 62vw, 840px\" \/><\/p>\n<p>Neben (allem was das Herz begehrt) in alten und neuen Einb\u00e4nden finden sich hier auch die Geburts- und Sterberegister der einzelnen :Kirchspiele: cvd. Gemeinden der Insel. Ich war einmal auf der Suche nach einem Namen, den ich irgendwann von einem der wirklich alten Grabsteine abgeschrieben hatte. Nat\u00fcrlich in eine unterentwickelte Kladde, v\u00f6llig ohne Zusammenhang. Bzw. hatte ich ihn nochnichtmal abgeschrieben, sondern nur aus dem Ged\u00e4chtnis irgendwo notiert, wo er null Sinn ergab. Also&#8230;, 2m Kirchenb\u00fccher w\u00e4lzen. Fand Nahmens J. Nahmens und wuszte damals nun zumindest, auf welchem der drei Friedh\u00f6fe ich den Stein gesehen hatte. Fand auch den Stein. Sch\u00f6n.<img loading=\"lazy\" decoding=\"async\" class=\"alignnone size-full wp-image-841\" src=\"https:\/\/ada-sub.rotefadenbuecher.de\/wp-content\/uploads\/2020\/03\/wpexpo20-1-6.jpeg\" alt=\"OLYMPUS DIGITAL CAMERA\" width=\"1280\" height=\"960\" srcset=\"https:\/\/ada-sub.dh-index.org\/blog\/wp-content\/uploads\/wpexpo20-1-6.jpeg 1280w, https:\/\/ada-sub.dh-index.org\/blog\/wp-content\/uploads\/wpexpo20-1-6-300x225.jpeg 300w, https:\/\/ada-sub.dh-index.org\/blog\/wp-content\/uploads\/wpexpo20-1-6-1024x768.jpeg 1024w, https:\/\/ada-sub.dh-index.org\/blog\/wp-content\/uploads\/wpexpo20-1-6-768x576.jpeg 768w, https:\/\/ada-sub.dh-index.org\/blog\/wp-content\/uploads\/wpexpo20-1-6-1200x900.jpeg 1200w\" sizes=\"auto, (max-width: 709px) 85vw, (max-width: 909px) 67vw, (max-width: 1362px) 62vw, 840px\" \/><\/p>\n<p>Und so&#8230;, jedes Jahr kucken wies ihm geht, dem Kleinen&#8230;; obs er evtl. langsam umkippt os\u00e4.<\/p>\n<p>&gt; wir machen hier weiter, wenn wir von unserem Friedhof kommen. Guten Morgen.<\/p>\n<p>&gt; somelike podcast output of the auseinandersetzung: <a href=\"https:\/\/ephemeridenmusik.rotefadenbuecher.de\/010-wie-ich-einmal-am-deich\">ici.<\/a><\/p>\n<p>&gt; kladde: <a href=\"https:\/\/ada-sub.dh-index.org\/blog\/10102-arkkiv-das-buch-daneben\/10085-ferring-kladde\/\">ici.<\/a><\/p>\n","protected":false},"excerpt":{"rendered":"<p>wie ich einmal mehr fand, als ich gesucht hatte. Versuch \u00fcber :Den Zufall: Ich bin mir schon klar dar\u00fcber, dasz dies eine l\u00e4ngere Geschichte werden wird. Aber irgendwo w\u00e4re anzufangen, wenn es g\u00e4lte, den :Zufall: zu begreifen. und&#8230;, guhl&#8230;; wo steckens grad? friesische studien. Sie mein das ernst, oder? ich mein das ernst. ich weisz&#8230;, &hellip; <a href=\"https:\/\/ada-sub.dh-index.org\/blog\/10102-arkkiv-das-buch-daneben\/\" class=\"more-link\">Continue reading<span class=\"screen-reader-text\"> &#8220;10102.arkkiv: das buch daneben&#8221;<\/span><\/a><\/p>\n","protected":false},"author":2,"featured_media":0,"parent":0,"menu_order":0,"comment_status":"closed","ping_status":"closed","template":"","meta":{"_acf_changed":false,"_lmt_disableupdate":"no","_lmt_disable":"no","footnotes":""},"class_list":["post-826","page","type-page","status-publish","hentry"],"acf":[],"jetpack_sharing_enabled":true,"_links":{"self":[{"href":"https:\/\/ada-sub.dh-index.org\/blog\/wp-json\/wp\/v2\/pages\/826","targetHints":{"allow":["GET"]}}],"collection":[{"href":"https:\/\/ada-sub.dh-index.org\/blog\/wp-json\/wp\/v2\/pages"}],"about":[{"href":"https:\/\/ada-sub.dh-index.org\/blog\/wp-json\/wp\/v2\/types\/page"}],"author":[{"embeddable":true,"href":"https:\/\/ada-sub.dh-index.org\/blog\/wp-json\/wp\/v2\/users\/2"}],"replies":[{"embeddable":true,"href":"https:\/\/ada-sub.dh-index.org\/blog\/wp-json\/wp\/v2\/comments?post=826"}],"version-history":[{"count":2,"href":"https:\/\/ada-sub.dh-index.org\/blog\/wp-json\/wp\/v2\/pages\/826\/revisions"}],"predecessor-version":[{"id":2273,"href":"https:\/\/ada-sub.dh-index.org\/blog\/wp-json\/wp\/v2\/pages\/826\/revisions\/2273"}],"wp:attachment":[{"href":"https:\/\/ada-sub.dh-index.org\/blog\/wp-json\/wp\/v2\/media?parent=826"}],"curies":[{"name":"wp","href":"https:\/\/api.w.org\/{rel}","templated":true}]}}