{"id":990,"date":"2020-06-22T06:48:58","date_gmt":"2020-06-22T04:48:58","guid":{"rendered":"https:\/\/ada-sub.rotefadenbuecher.de\/?page_id=990"},"modified":"2020-06-22T06:48:58","modified_gmt":"2020-06-22T04:48:58","slug":"10261-surveyh","status":"publish","type":"page","link":"https:\/\/ada-sub.dh-index.org\/blog\/10261-surveyh\/","title":{"rendered":"10261.surveyh"},"content":{"rendered":"<h4>guten morgen empirika&#8230;,<\/h4>\n<p>hier die erste version des fragebogens&#8230;, zum nachweis meiner wissenschaftlich-intuitiven auseinandersetzung mit dem task. niemand sollte sich bem\u00fchen, diesen bogen auch noch auszuf\u00fcllen&#8230;, er steht hier nur zur allseits belustigung dar\u00fcber, was passiert, wenn man die aufgabenbl\u00e4tter nicht genau liest. sonst: die studie ist beendet. wer auf dem weg der suche nach einer kontaktm\u00f6glichkeit durchaus zu einem nachnamen gelangen wollte: <a href=\"https:\/\/www.soscisurvey.de\/spund_pc\/\">diese studie<\/a> w\u00e4re noch zu absolvieren.<\/p>\n<div id=\"surveyhero-embed-ee9eb45d\"><\/div>\n<p><script src=\"https:\/\/embed-cdn.surveyhero.com\/js\/user\/embed.ee9eb45d.js\" async><\/script><\/p>\n","protected":false},"excerpt":{"rendered":"<p>guten morgen empirika&#8230;, hier die erste version des fragebogens&#8230;, zum nachweis meiner wissenschaftlich-intuitiven auseinandersetzung mit dem task. niemand sollte sich bem\u00fchen, diesen bogen auch noch auszuf\u00fcllen&#8230;, er steht hier nur zur allseits belustigung dar\u00fcber, was passiert, wenn man die aufgabenbl\u00e4tter nicht genau liest. sonst: die studie ist beendet. wer auf dem weg der suche nach &hellip; <a href=\"https:\/\/ada-sub.dh-index.org\/blog\/10261-surveyh\/\" class=\"more-link\">Continue reading<span class=\"screen-reader-text\"> &#8220;10261.surveyh&#8221;<\/span><\/a><\/p>\n","protected":false},"author":2,"featured_media":0,"parent":0,"menu_order":0,"comment_status":"closed","ping_status":"closed","template":"","meta":{"_acf_changed":false,"_lmt_disableupdate":"","_lmt_disable":"","footnotes":""},"class_list":["post-990","page","type-page","status-publish","hentry"],"acf":[],"jetpack_sharing_enabled":true,"_links":{"self":[{"href":"https:\/\/ada-sub.dh-index.org\/blog\/wp-json\/wp\/v2\/pages\/990","targetHints":{"allow":["GET"]}}],"collection":[{"href":"https:\/\/ada-sub.dh-index.org\/blog\/wp-json\/wp\/v2\/pages"}],"about":[{"href":"https:\/\/ada-sub.dh-index.org\/blog\/wp-json\/wp\/v2\/types\/page"}],"author":[{"embeddable":true,"href":"https:\/\/ada-sub.dh-index.org\/blog\/wp-json\/wp\/v2\/users\/2"}],"replies":[{"embeddable":true,"href":"https:\/\/ada-sub.dh-index.org\/blog\/wp-json\/wp\/v2\/comments?post=990"}],"version-history":[{"count":0,"href":"https:\/\/ada-sub.dh-index.org\/blog\/wp-json\/wp\/v2\/pages\/990\/revisions"}],"wp:attachment":[{"href":"https:\/\/ada-sub.dh-index.org\/blog\/wp-json\/wp\/v2\/media?parent=990"}],"curies":[{"name":"wp","href":"https:\/\/api.w.org\/{rel}","templated":true}]}}